{"id":10,"date":"2017-03-01T02:57:50","date_gmt":"2017-03-01T02:57:50","guid":{"rendered":"http:\/\/localhost\/?page_id=400"},"modified":"2025-07-03T09:18:22","modified_gmt":"2025-07-03T07:18:22","slug":"coming-soon","status":"publish","type":"page","link":"https:\/\/azulhomesuites.com\/","title":{"rendered":"Coming Soon"},"content":{"rendered":"<div class=\"wpb-content-wrapper\"><p>[vc_row][vc_column][grcs_vc_hero_container][vc_row_inner][vc_column_inner][grcs_vc_animated_container enter_animation=&#8221;fadeInDown&#8221; animation_delay=&#8221;500&#8243;][vc_single_image image=&#8221;5019&#8243; img_size=&#8221;full&#8221; alignment=&#8221;center&#8221; css_animation=&#8221;none&#8221; css=&#8221;.vc_custom_1738841444965{margin-bottom: 2.3vmin !important;}&#8221; el_class=&#8221;logo&#8221; el_width=&#8221;27vmax&#8221; el_max_width=&#8221;29vmin&#8221;][\/grcs_vc_animated_container][grcs_vc_animated_container][grcs_vc_text_slider slides=&#8221;%5B%7B%22slide_text%22%3A%22VACACIONES%20%3Cspan%3E%26%3C%2Fspan%3E%3Cbr%3EMOMENTOS%20%C3%9ANICOS%2C%3Cbr%3ETU%20PARA%C3%8DSO%20EN%20ESTEPONA%22%7D%2C%7B%22slide_text%22%3A%22HABITACIONES%20%3Cspan%3E%26%3C%2Fspan%3E%3Cbr%3EDESCANSO%20DE%20CALIDAD%2C%3Cbr%3ELA%20ESCAPADA%20QUE%20MERECES%22%7D%2C%7B%22slide_text%22%3A%22SABORES%20%3Cspan%3E%26%3C%2Fspan%3E%3Cbr%3EBUENA%20GASTRONOM%C3%8DA%3Cbr%3EEN%20LA%20COSTA%20DEL%20SOL%22%7D%5D&#8221; accent_color=&#8221;#009FE3&#8243; disable_mouse_control=&#8221;yes&#8221; css=&#8221;.vc_custom_1739269133151{margin-bottom: 3.69em !important;}&#8221;][\/grcs_vc_animated_container][grcs_vc_animated_container][vc_column_text css=&#8221;.vc_custom_1738841711686{margin-bottom: 4.3em !important;}&#8221; el_class=&#8221;grcs_subline&#8221;]AD\u00c9NTRATE Y ENCUENTRA LO MEJOR[\/vc_column_text][\/grcs_vc_animated_container][grcs_vc_animated_container][grcs_vc_open_overlay][\/grcs_vc_animated_container][\/vc_column_inner][\/vc_row_inner][\/grcs_vc_hero_container][grcs_vc_overlay_container bullet_nav=&#8221;yes&#8221; animation=&#8221;slide-from-bottom&#8221;][grcs_vc_overlay_section][vc_row_inner][vc_column_inner css=&#8221;.vc_custom_1486415771672{padding-top: 5vh !important;padding-bottom: 5vh !important;}&#8221;][vc_column_text css=&#8221;.vc_custom_1738848387280{margin-bottom: 2.3em !important;}&#8221;]<\/p>\n<h1>VACACIONES INOLVIDABLES<\/h1>\n<p>[\/vc_column_text][vc_column_text css=&#8221;.vc_custom_1739268497044{margin-bottom: 2.92em !important;}&#8221; el_width=&#8221;600px&#8221;]<\/p>\n<p style=\"text-align: center;\">Bienvenidos a <strong>Azul Homes Suites<\/strong>, el destino ideal para tu descanso y comodidad. Disfruta de nuestras exclusivas suites y apartamentos vacacionales dise\u00f1ados para brindarte el m\u00e1ximo confort y privacidad, con una ubicaci\u00f3n privilegiada como Estepona.<br \/>\n\u00a1Haz tu reserva ya!<\/p>\n<p>[\/vc_column_text][grcs_vc_subscribe_form form_mode=&#8221;file&#8221; call_to_action=&#8221;\u00a1Ingresa tu correo electr\u00f3nico para suscribirte!&#8221; message_success=&#8221;\u00a1Gracias por tu inter\u00e9s!&#8221; error_success_subscription=&#8221;\u00a1Ocurri\u00f3 un error!&#8221; message_success_email_invalid=&#8221;\u00a1Este correo electr\u00f3nico es inv\u00e1lido!&#8221; message_success_empty_field=&#8221;\u00a1Este campo es obligatorio!&#8221; subscriber_list_output=&#8221;example@live.de<br \/>\nbananan@late.net<br \/>\ntrander@lp.com&#8221; css=&#8221;.vc_custom_1739184216829{margin-bottom: 2.76em !important;}&#8221;][grcs_vc_social_icons icons=&#8221;%5B%7B%22mode%22%3A%22url%22%2C%22icon%22%3A%22fas%20fa-envelope%22%2C%22icon_title%22%3A%22Correo%22%2C%22icon_url%22%3A%22mailto%3Ainfo%40azulhomessuites.com%22%7D%2C%7B%22mode%22%3A%22url%22%2C%22icon%22%3A%22fas%20fa-mobile%22%2C%22icon_title%22%3A%22M%C3%B3vil%22%2C%22icon_url%22%3A%22tel%3A%2B34612345678%22%7D%5D&#8221;][\/vc_column_inner][\/vc_row_inner][\/grcs_vc_overlay_section][grcs_vc_overlay_section][vc_row_inner][vc_column_inner css=&#8221;.vc_custom_1486415780895{padding-top: 5vh !important;padding-bottom: 5vh !important;}&#8221;][vc_column_text css=&#8221;.vc_custom_1738925669970{margin-bottom: 2.19em !important;}&#8221;]<\/p>\n<h1>CONTACTO<\/h1>\n<p>[\/vc_column_text][vc_column_text css=&#8221;.vc_custom_1739185575252{margin-bottom: 2.3em !important;}&#8221; el_width=&#8221;316px&#8221;]\u00bfBuscas el lugar perfecto para tus pr\u00f3ximas vacaciones? Ponte en contacto con nosotros y descubre los apartamentos ideales para disfrutar de una experiencia \u00fanica y relajante.[\/vc_column_text][grcs_vc_contact_form admin_email=&#8221;info@azulhomessuites.com&#8221; message_success=&#8221;\u00a1Correo enviado con \u00e9xito!&#8221; message_success_email_invalid=&#8221;\u00a1Este correo electr\u00f3nico no es v\u00e1lido!&#8221; message_success_empty_field=&#8221;\u00a1Este campo es obligatorio!&#8221; label_1=&#8221;Nombre&#8221; label_2=&#8221;Correo electr\u00f3nico&#8221; label_3=&#8221;Mensaje&#8221;][\/vc_column_inner][\/vc_row_inner][\/grcs_vc_overlay_section][\/grcs_vc_overlay_container][\/vc_column][\/vc_row]<\/p>\n<\/div>","protected":false},"excerpt":{"rendered":"<p>[vc_row][vc_column][grcs_vc_hero_container][vc_row_inner][vc_column_inner][grcs_vc_animated_container enter_animation=&#8221;fadeInDown&#8221; animation_delay=&#8221;500&#8243;][vc_single_image image=&#8221;5019&#8243; img_size=&#8221;full&#8221; alignment=&#8221;center&#8221; css_animation=&#8221;none&#8221; css=&#8221;.vc_custom_1738841444965{margin-bottom: 2.3vmin !important;}&#8221; el_class=&#8221;logo&#8221; el_width=&#8221;27vmax&#8221; el_max_width=&#8221;29vmin&#8221;][\/grcs_vc_animated_container][grcs_vc_animated_container][grcs_vc_text_slider slides=&#8221;%5B%7B%22slide_text%22%3A%22VACACIONES%20%3Cspan%3E%26%3C%2Fspan%3E%3Cbr%3EMOMENTOS%20%C3%9ANICOS%2C%3Cbr%3ETU%20PARA%C3%8DSO%20EN%20ESTEPONA%22%7D%2C%7B%22slide_text%22%3A%22HABITACIONES%20%3Cspan%3E%26%3C%2Fspan%3E%3Cbr%3EDESCANSO%20DE%20CALIDAD%2C%3Cbr%3ELA%20ESCAPADA%20QUE%20MERECES%22%7D%2C%7B%22slide_text%22%3A%22SABORES%20%3Cspan%3E%26%3C%2Fspan%3E%3Cbr%3EBUENA%20GASTRONOM%C3%8DA%3Cbr%3EEN%20LA%20COSTA%20DEL%20SOL%22%7D%5D&#8221; accent_color=&#8221;#009FE3&#8243; disable_mouse_control=&#8221;yes&#8221; css=&#8221;.vc_custom_1739269133151{margin-bottom: 3.69em !important;}&#8221;][\/grcs_vc_animated_container][grcs_vc_animated_container][vc_column_text css=&#8221;.vc_custom_1738841711686{margin-bottom: 4.3em !important;}&#8221; el_class=&#8221;grcs_subline&#8221;]AD\u00c9NTRATE Y ENCUENTRA LO MEJOR[\/vc_column_text][\/grcs_vc_animated_container][grcs_vc_animated_container][grcs_vc_open_overlay][\/grcs_vc_animated_container][\/vc_column_inner][\/vc_row_inner][\/grcs_vc_hero_container][grcs_vc_overlay_container bullet_nav=&#8221;yes&#8221; animation=&#8221;slide-from-bottom&#8221;][grcs_vc_overlay_section][vc_row_inner][vc_column_inner css=&#8221;.vc_custom_1486415771672{padding-top: 5vh !important;padding-bottom: 5vh !important;}&#8221;][vc_column_text css=&#8221;.vc_custom_1738848387280{margin-bottom: 2.3em !important;}&#8221;] VACACIONES INOLVIDABLES [\/vc_column_text][vc_column_text css=&#8221;.vc_custom_1739268497044{margin-bottom: 2.92em !important;}&#8221; el_width=&#8221;600px&#8221;] Bienvenidos a Azul Homes Suites, el destino ideal para tu descanso [&hellip;]<\/p>\n","protected":false},"author":1,"featured_media":0,"parent":0,"menu_order":0,"comment_status":"closed","ping_status":"closed","template":"template-coming-soon.php","meta":{"footnotes":""},"class_list":["post-10","page","type-page","status-publish","hentry"],"yoast_head":"<!-- This site is optimized with the Yoast SEO plugin v24.4 - https:\/\/yoast.com\/wordpress\/plugins\/seo\/ -->\n<title>Coming Soon - Azul Home Suites<\/title>\n<meta name=\"robots\" content=\"noindex, follow, max-snippet:-1, max-image-preview:large, max-video-preview:-1\" \/>\n<meta property=\"og:locale\" content=\"es_ES\" \/>\n<meta property=\"og:type\" content=\"article\" \/>\n<meta property=\"og:title\" content=\"Coming Soon - Azul Home Suites\" \/>\n<meta property=\"og:description\" content=\"[vc_row][vc_column][grcs_vc_hero_container][vc_row_inner][vc_column_inner][grcs_vc_animated_container enter_animation=&#8221;fadeInDown&#8221; animation_delay=&#8221;500&#8243;][vc_single_image image=&#8221;5019&#8243; img_size=&#8221;full&#8221; alignment=&#8221;center&#8221; css_animation=&#8221;none&#8221; css=&#8221;.vc_custom_1738841444965{margin-bottom: 2.3vmin !important;}&#8221; el_class=&#8221;logo&#8221; el_width=&#8221;27vmax&#8221; el_max_width=&#8221;29vmin&#8221;][\/grcs_vc_animated_container][grcs_vc_animated_container][grcs_vc_text_slider slides=&#8221;%5B%7B%22slide_text%22%3A%22VACACIONES%20%3Cspan%3E%26%3C%2Fspan%3E%3Cbr%3EMOMENTOS%20%C3%9ANICOS%2C%3Cbr%3ETU%20PARA%C3%8DSO%20EN%20ESTEPONA%22%7D%2C%7B%22slide_text%22%3A%22HABITACIONES%20%3Cspan%3E%26%3C%2Fspan%3E%3Cbr%3EDESCANSO%20DE%20CALIDAD%2C%3Cbr%3ELA%20ESCAPADA%20QUE%20MERECES%22%7D%2C%7B%22slide_text%22%3A%22SABORES%20%3Cspan%3E%26%3C%2Fspan%3E%3Cbr%3EBUENA%20GASTRONOM%C3%8DA%3Cbr%3EEN%20LA%20COSTA%20DEL%20SOL%22%7D%5D&#8221; accent_color=&#8221;#009FE3&#8243; disable_mouse_control=&#8221;yes&#8221; css=&#8221;.vc_custom_1739269133151{margin-bottom: 3.69em !important;}&#8221;][\/grcs_vc_animated_container][grcs_vc_animated_container][vc_column_text css=&#8221;.vc_custom_1738841711686{margin-bottom: 4.3em !important;}&#8221; el_class=&#8221;grcs_subline&#8221;]AD\u00c9NTRATE Y ENCUENTRA LO MEJOR[\/vc_column_text][\/grcs_vc_animated_container][grcs_vc_animated_container][grcs_vc_open_overlay][\/grcs_vc_animated_container][\/vc_column_inner][\/vc_row_inner][\/grcs_vc_hero_container][grcs_vc_overlay_container bullet_nav=&#8221;yes&#8221; animation=&#8221;slide-from-bottom&#8221;][grcs_vc_overlay_section][vc_row_inner][vc_column_inner css=&#8221;.vc_custom_1486415771672{padding-top: 5vh !important;padding-bottom: 5vh !important;}&#8221;][vc_column_text css=&#8221;.vc_custom_1738848387280{margin-bottom: 2.3em !important;}&#8221;] VACACIONES INOLVIDABLES [\/vc_column_text][vc_column_text css=&#8221;.vc_custom_1739268497044{margin-bottom: 2.92em !important;}&#8221; el_width=&#8221;600px&#8221;] Bienvenidos a Azul Homes Suites, el destino ideal para tu descanso [&hellip;]\" \/>\n<meta property=\"og:url\" content=\"https:\/\/azulhomesuites.com\/\" \/>\n<meta property=\"og:site_name\" content=\"Azul Home Suites\" \/>\n<meta property=\"article:modified_time\" content=\"2025-07-03T07:18:22+00:00\" \/>\n<meta name=\"twitter:card\" content=\"summary_large_image\" \/>\n<meta name=\"twitter:label1\" content=\"Tiempo de lectura\" \/>\n\t<meta name=\"twitter:data1\" content=\"2 minutos\" \/>\n<script type=\"application\/ld+json\" class=\"yoast-schema-graph\">{\"@context\":\"https:\/\/schema.org\",\"@graph\":[{\"@type\":\"WebPage\",\"@id\":\"https:\/\/azulhomesuites.com\/\",\"url\":\"https:\/\/azulhomesuites.com\/\",\"name\":\"Coming Soon - Azul Home Suites\",\"isPartOf\":{\"@id\":\"https:\/\/azulhomesuites.com\/#website\"},\"datePublished\":\"2017-03-01T02:57:50+00:00\",\"dateModified\":\"2025-07-03T07:18:22+00:00\",\"breadcrumb\":{\"@id\":\"https:\/\/azulhomesuites.com\/#breadcrumb\"},\"inLanguage\":\"es\",\"potentialAction\":[{\"@type\":\"ReadAction\",\"target\":[\"https:\/\/azulhomesuites.com\/\"]}]},{\"@type\":\"BreadcrumbList\",\"@id\":\"https:\/\/azulhomesuites.com\/#breadcrumb\",\"itemListElement\":[{\"@type\":\"ListItem\",\"position\":1,\"name\":\"Portada\",\"item\":\"https:\/\/azulhomesuites.com\/\"},{\"@type\":\"ListItem\",\"position\":2,\"name\":\"Coming Soon\"}]},{\"@type\":\"WebSite\",\"@id\":\"https:\/\/azulhomesuites.com\/#website\",\"url\":\"https:\/\/azulhomesuites.com\/\",\"name\":\"Azul Home Suites\",\"description\":\"Apartamentos vacacionales\",\"potentialAction\":[{\"@type\":\"SearchAction\",\"target\":{\"@type\":\"EntryPoint\",\"urlTemplate\":\"https:\/\/azulhomesuites.com\/?s={search_term_string}\"},\"query-input\":{\"@type\":\"PropertyValueSpecification\",\"valueRequired\":true,\"valueName\":\"search_term_string\"}}],\"inLanguage\":\"es\"}]}<\/script>\n<!-- \/ Yoast SEO plugin. -->","yoast_head_json":{"title":"Coming Soon - Azul Home Suites","robots":{"index":"noindex","follow":"follow","max-snippet":"max-snippet:-1","max-image-preview":"max-image-preview:large","max-video-preview":"max-video-preview:-1"},"og_locale":"es_ES","og_type":"article","og_title":"Coming Soon - Azul Home Suites","og_description":"[vc_row][vc_column][grcs_vc_hero_container][vc_row_inner][vc_column_inner][grcs_vc_animated_container enter_animation=&#8221;fadeInDown&#8221; animation_delay=&#8221;500&#8243;][vc_single_image image=&#8221;5019&#8243; img_size=&#8221;full&#8221; alignment=&#8221;center&#8221; css_animation=&#8221;none&#8221; css=&#8221;.vc_custom_1738841444965{margin-bottom: 2.3vmin !important;}&#8221; el_class=&#8221;logo&#8221; el_width=&#8221;27vmax&#8221; el_max_width=&#8221;29vmin&#8221;][\/grcs_vc_animated_container][grcs_vc_animated_container][grcs_vc_text_slider slides=&#8221;%5B%7B%22slide_text%22%3A%22VACACIONES%20%3Cspan%3E%26%3C%2Fspan%3E%3Cbr%3EMOMENTOS%20%C3%9ANICOS%2C%3Cbr%3ETU%20PARA%C3%8DSO%20EN%20ESTEPONA%22%7D%2C%7B%22slide_text%22%3A%22HABITACIONES%20%3Cspan%3E%26%3C%2Fspan%3E%3Cbr%3EDESCANSO%20DE%20CALIDAD%2C%3Cbr%3ELA%20ESCAPADA%20QUE%20MERECES%22%7D%2C%7B%22slide_text%22%3A%22SABORES%20%3Cspan%3E%26%3C%2Fspan%3E%3Cbr%3EBUENA%20GASTRONOM%C3%8DA%3Cbr%3EEN%20LA%20COSTA%20DEL%20SOL%22%7D%5D&#8221; accent_color=&#8221;#009FE3&#8243; disable_mouse_control=&#8221;yes&#8221; css=&#8221;.vc_custom_1739269133151{margin-bottom: 3.69em !important;}&#8221;][\/grcs_vc_animated_container][grcs_vc_animated_container][vc_column_text css=&#8221;.vc_custom_1738841711686{margin-bottom: 4.3em !important;}&#8221; el_class=&#8221;grcs_subline&#8221;]AD\u00c9NTRATE Y ENCUENTRA LO MEJOR[\/vc_column_text][\/grcs_vc_animated_container][grcs_vc_animated_container][grcs_vc_open_overlay][\/grcs_vc_animated_container][\/vc_column_inner][\/vc_row_inner][\/grcs_vc_hero_container][grcs_vc_overlay_container bullet_nav=&#8221;yes&#8221; animation=&#8221;slide-from-bottom&#8221;][grcs_vc_overlay_section][vc_row_inner][vc_column_inner css=&#8221;.vc_custom_1486415771672{padding-top: 5vh !important;padding-bottom: 5vh !important;}&#8221;][vc_column_text css=&#8221;.vc_custom_1738848387280{margin-bottom: 2.3em !important;}&#8221;] VACACIONES INOLVIDABLES [\/vc_column_text][vc_column_text css=&#8221;.vc_custom_1739268497044{margin-bottom: 2.92em !important;}&#8221; el_width=&#8221;600px&#8221;] Bienvenidos a Azul Homes Suites, el destino ideal para tu descanso [&hellip;]","og_url":"https:\/\/azulhomesuites.com\/","og_site_name":"Azul Home Suites","article_modified_time":"2025-07-03T07:18:22+00:00","twitter_card":"summary_large_image","twitter_misc":{"Tiempo de lectura":"2 minutos"},"schema":{"@context":"https:\/\/schema.org","@graph":[{"@type":"WebPage","@id":"https:\/\/azulhomesuites.com\/","url":"https:\/\/azulhomesuites.com\/","name":"Coming Soon - Azul Home Suites","isPartOf":{"@id":"https:\/\/azulhomesuites.com\/#website"},"datePublished":"2017-03-01T02:57:50+00:00","dateModified":"2025-07-03T07:18:22+00:00","breadcrumb":{"@id":"https:\/\/azulhomesuites.com\/#breadcrumb"},"inLanguage":"es","potentialAction":[{"@type":"ReadAction","target":["https:\/\/azulhomesuites.com\/"]}]},{"@type":"BreadcrumbList","@id":"https:\/\/azulhomesuites.com\/#breadcrumb","itemListElement":[{"@type":"ListItem","position":1,"name":"Portada","item":"https:\/\/azulhomesuites.com\/"},{"@type":"ListItem","position":2,"name":"Coming Soon"}]},{"@type":"WebSite","@id":"https:\/\/azulhomesuites.com\/#website","url":"https:\/\/azulhomesuites.com\/","name":"Azul Home Suites","description":"Apartamentos vacacionales","potentialAction":[{"@type":"SearchAction","target":{"@type":"EntryPoint","urlTemplate":"https:\/\/azulhomesuites.com\/?s={search_term_string}"},"query-input":{"@type":"PropertyValueSpecification","valueRequired":true,"valueName":"search_term_string"}}],"inLanguage":"es"}]}},"_links":{"self":[{"href":"https:\/\/azulhomesuites.com\/index.php\/wp-json\/wp\/v2\/pages\/10","targetHints":{"allow":["GET"]}}],"collection":[{"href":"https:\/\/azulhomesuites.com\/index.php\/wp-json\/wp\/v2\/pages"}],"about":[{"href":"https:\/\/azulhomesuites.com\/index.php\/wp-json\/wp\/v2\/types\/page"}],"author":[{"embeddable":true,"href":"https:\/\/azulhomesuites.com\/index.php\/wp-json\/wp\/v2\/users\/1"}],"replies":[{"embeddable":true,"href":"https:\/\/azulhomesuites.com\/index.php\/wp-json\/wp\/v2\/comments?post=10"}],"version-history":[{"count":20,"href":"https:\/\/azulhomesuites.com\/index.php\/wp-json\/wp\/v2\/pages\/10\/revisions"}],"predecessor-version":[{"id":5064,"href":"https:\/\/azulhomesuites.com\/index.php\/wp-json\/wp\/v2\/pages\/10\/revisions\/5064"}],"wp:attachment":[{"href":"https:\/\/azulhomesuites.com\/index.php\/wp-json\/wp\/v2\/media?parent=10"}],"curies":[{"name":"wp","href":"https:\/\/api.w.org\/{rel}","templated":true}]}}